{"id":10,"date":"2025-10-22T02:48:21","date_gmt":"2025-10-22T02:48:21","guid":{"rendered":"https:\/\/tadeonline.shop\/?page_id=10"},"modified":"2025-10-22T02:48:21","modified_gmt":"2025-10-22T02:48:21","slug":"plugins","status":"publish","type":"page","link":"https:\/\/tadeonline.shop\/?page_id=10","title":{"rendered":"Plugins"},"content":{"rendered":"<div class=\"wp-block-group alignfull hostinger-ai-our-blog-1 hostinger-ai-fade-up has-global-padding is-layout-constrained wp-block-group-is-layout-constrained\" data-aos=\"fade-up\">\n    <div class=\"wp-block-group alignwide hostinger-ai-fade-up has-global-padding is-content-justification-left is-layout-constrained wp-container-core-group-is-layout-12dd3699 wp-block-group-is-layout-constrained\" data-aos=\"fade-up\">\n        <h2 class=\"wp-block-heading is-style-default hostinger-ai-title has-dark-color has-text-color has-link-color has-x-large-font-size wp-elements-2a7933871697e99d10a0855ef75a2f90\" style=\"margin-bottom:var(--wp--preset--spacing--50)\">Plugin Help<\/h2>\n        \n\n        \n        <div data-wp-context=\"{}\" data-wp-interactive=\"core\/query\" data-wp-key=\"24\" data-wp-router-region=\"query-24\" class=\"wp-block-query alignwide is-layout-flow wp-block-query-is-layout-flow\"><ul class=\"columns-2 post-item wp-block-post-template is-layout-grid wp-container-core-post-template-is-layout-02493678 wp-block-post-template-is-layout-grid\"><li data-wp-key=\"post-template-item-6\" class=\"wp-block-post post-6 post type-post status-publish format-standard has-post-thumbnail hentry category-uncategorized\">\n            <figure class=\"wp-block-post-featured-image\"><a href=\"https:\/\/tadeonline.shop\/?p=6\" target=\"_self\"  ><img loading=\"lazy\" decoding=\"async\" width=\"530\" height=\"250\" src=\"https:\/\/images.unsplash.com\/photo-1560472354-0088b5dc9d8d?q=85&amp;w=530&amp;h=250&amp;fit=crop\" class=\"attachment-blog-thumb size-blog-thumb wp-post-image\" alt=\"Como Instalar o WordPress no Meu Dom\u00ednio: Um Guia Completo\" style=\"border-radius:20px;object-fit:cover;\" \/><\/a><\/figure>\n\n            <h2 style=\"margin-bottom:0;margin-top:var(--wp--preset--spacing--20);\" class=\"wp-block-post-title has-large-font-size\"><a href=\"https:\/\/tadeonline.shop\/?p=6\" target=\"_self\" >Como Instalar o WordPress no Meu Dom\u00ednio: Um Guia Completo<\/a><\/h2>\n\n            <div style=\"margin-bottom:0;margin-top:var(--wp--preset--spacing--20);\" class=\"wp-block-post-excerpt\"><p class=\"wp-block-post-excerpt__excerpt\">Introdu\u00e7\u00e3o \u00e0 Instala\u00e7\u00e3o do WordPress Se voc\u00ea est\u00e1 enfrentando dificuldades para instalar o WordPress no seu dom\u00ednio, n\u00e3o se preocupe.&hellip; <\/p><\/div>\n\n            <div style=\"margin-top:var(--wp--preset--spacing--20);\" class=\"wp-block-post-date\"><time datetime=\"2025-10-22T02:48:07+00:00\">10\/22\/2025<\/time><\/div>\n            <\/li><li data-wp-key=\"post-template-item-4\" class=\"wp-block-post post-4 post type-post status-publish format-standard has-post-thumbnail hentry category-uncategorized\">\n            <figure class=\"wp-block-post-featured-image\"><a href=\"https:\/\/tadeonline.shop\/?p=4\" target=\"_self\"  ><img loading=\"lazy\" decoding=\"async\" width=\"530\" height=\"250\" src=\"https:\/\/images.unsplash.com\/photo-1661229977503-78e340d00bdf?q=85&amp;w=530&amp;h=250&amp;fit=crop\" class=\"attachment-blog-thumb size-blog-thumb wp-post-image\" alt=\"Como Instalar o WordPress no Seu Dom\u00ednio: Guia Pr\u00e1tico\" style=\"border-radius:20px;object-fit:cover;\" \/><\/a><\/figure>\n\n            <h2 style=\"margin-bottom:0;margin-top:var(--wp--preset--spacing--20);\" class=\"wp-block-post-title has-large-font-size\"><a href=\"https:\/\/tadeonline.shop\/?p=4\" target=\"_self\" >Como Instalar o WordPress no Seu Dom\u00ednio: Guia Pr\u00e1tico<\/a><\/h2>\n\n            <div style=\"margin-bottom:0;margin-top:var(--wp--preset--spacing--20);\" class=\"wp-block-post-excerpt\"><p class=\"wp-block-post-excerpt__excerpt\">Introdu\u00e7\u00e3o \u00e0 Instala\u00e7\u00e3o do WordPress Se voc\u00ea est\u00e1 enfrentando dificuldades para instalar o WordPress no seu dom\u00ednio, n\u00e3o se preocupe.&hellip; <\/p><\/div>\n\n            <div style=\"margin-top:var(--wp--preset--spacing--20);\" class=\"wp-block-post-date\"><time datetime=\"2025-10-22T02:48:07+00:00\">10\/22\/2025<\/time><\/div>\n            <\/li><\/ul><\/div>\n        <\/div>\n    <\/div>\n<div class=\"wp-block-group alignwide hostinger-ai-our-services-4 hostinger-ai-fade-up has-global-padding is-layout-constrained wp-block-group-is-layout-constrained\" data-aos=\"fade-up\" style=\"padding-top:0;padding-bottom:0\">\n    <div class=\"wp-block-group alignwide hostinger-ai-fade-up is-nowrap is-layout-flex wp-container-core-group-is-layout-4ac5639c wp-block-group-is-layout-flex\" data-aos=\"fade-up\" style=\"margin-bottom:0;padding-top:0;padding-bottom:var(--wp--preset--spacing--30)\">\n        <div class=\"wp-block-columns is-layout-flex wp-container-core-columns-is-layout-28f84493 wp-block-columns-is-layout-flex\">\n            <div class=\"wp-block-column is-layout-flow wp-block-column-is-layout-flow\" style=\"flex-basis:50%\">\n                <h2 class=\"wp-block-heading hostinger-ai-service-title has-x-large-font-size\" style=\"margin-bottom:0\">Plugins<\/h2>\n                <\/div>\n            \n\n            \n            <div class=\"wp-block-column is-vertically-aligned-center has-small-font-size has-global-padding is-layout-constrained wp-block-column-is-layout-constrained\" style=\"flex-basis:50%\">\n                <p class=\"hostinger-ai-service-description has-medium-font-size\">Explore essential plugins for your WordPress site.<\/p>\n                <\/div>\n            <\/div>\n        <\/div>\n    \n\n    \n    <div class=\"wp-block-group alignwide image-row hostinger-ai-fade-up is-layout-flex wp-block-group-is-layout-flex\" data-aos=\"fade-up\" style=\"margin-bottom:0;padding-top:var(--wp--preset--spacing--30)\">\n        <figure class=\"wp-block-image size-full has-custom-border hostinger-ai-service-image hostinger-index-4\"><img decoding=\"async\" src=\"https:\/\/images.unsplash.com\/photo-1661948425949-98d693f38a44?q=85&amp;w=700&amp;h=320&amp;fit=crop\" alt=\"The screen displays a computer programming code editor with syntax highlighted in blue and white. The code appears to be written in PHP, focusing on handling file uploads, checking file size, and ensuring only specific file types are allowed. It includes logic for managing file extensions and size limits, and there is a visible error message for file size issues.\" class=\"wp-image-554\" style=\"border-radius:20px\"><\/figure>\n        \n\n        \n        <figure class=\"wp-block-image alignfull size-full has-custom-border hostinger-ai-service-image hostinger-index-5\"><img decoding=\"async\" src=\"https:\/\/images.unsplash.com\/photo-1607094901503-120b720e310e?q=85&amp;w=400&amp;h=320&amp;fit=crop\" alt=\"A close-up view of a computer screen displaying software development settings with options like 'Default' and 'Build' visible. A cursor hovers over the 'Build' button, suggesting interaction.\" class=\"wp-image-555\" style=\"border-radius:20px\"><\/figure>\n        <\/div>\n    <\/div>\n<div class=\"wp-block-group alignfull hostinger-ai-gallery-3 hostinger-ai-fade-up is-layout-flow wp-block-group-is-layout-flow\" data-aos=\"fade-up\">\n    <div class=\"wp-block-group alignwide hostinger-ai-fade-up has-global-padding is-layout-constrained wp-block-group-is-layout-constrained\" data-aos=\"fade-up\" style=\"padding-top:var(--wp--preset--spacing--60);padding-bottom:var(--wp--preset--spacing--60)\">\n        <h2 class=\"wp-block-heading has-text-align-center hostinger-ai-title has-dark-color has-text-color has-link-color has-x-large-font-size wp-elements-a4519cd5019d9c053a51fddb986b2c9a\" style=\"margin-top:0;margin-right:0;margin-bottom:var(--wp--preset--spacing--20);margin-left:0\">Gallery<\/h2>\n        \n\n        \n        <p class=\"has-text-align-center hostinger-ai-description has-dark-color has-text-color has-link-color has-medium-font-size wp-elements-8c3be6c0251e622171be9b18f60c2652\" style=\"margin-top:0;margin-bottom:0\">Explore our collection of plugins and features.<\/p>\n        <\/div>\n    \n\n    \n    <div class=\"wp-block-group hostinger-ai-fade-up has-global-padding is-layout-constrained wp-block-group-is-layout-constrained\" data-aos=\"fade-up\" style=\"margin-top:0\">\n        <div class=\"wp-block-group alignwide hostinger-ai-fade-up is-content-justification-center is-nowrap is-layout-flex wp-container-core-group-is-layout-23441af8 wp-block-group-is-layout-flex\" data-aos=\"fade-up\">\n            <figure class=\"wp-block-image size-full has-custom-border hostinger-ai-image hostinger-index-8\"><img decoding=\"async\" src=\"https:\/\/images.unsplash.com\/photo-1650951472998-4abf9d05f0c4?q=85&amp;w=275&amp;h=275&amp;fit=crop\" alt=\"A white, square button with rounded edges featuring a red flame logo and the word 'CodeIgniter' printed beneath it. The button casts a shadow on an orange background, creating a clean and modern design.\" class=\"wp-image-525\" style=\"border-radius:20px\"><\/figure>\n            \n\n            \n            <figure class=\"wp-block-image size-full has-custom-border hostinger-ai-image hostinger-index-9\"><img decoding=\"async\" src=\"https:\/\/images.unsplash.com\/photo-1591013078076-42ae16047f45?q=85&amp;w=275&amp;h=275&amp;fit=crop\" alt=\"A person in a red sweatshirt is typing on a laptop, which displays a webpage about 'Simple Author Box Pro' on the screen. The setting appears to be a study or home office, with a desk that holds a smartphone, wooden figure, and stack of books for decoration. Soft natural light comes from a nearby window.\" class=\"wp-image-525\" style=\"border-radius:20px\"><\/figure>\n            \n\n            \n            <figure class=\"wp-block-image size-full has-custom-border hostinger-ai-image hostinger-index-10\"><img decoding=\"async\" src=\"https:\/\/images.unsplash.com\/photo-1661229978118-fc02b873bdaf?q=85&amp;w=275&amp;h=275&amp;fit=crop\" alt=\"A laptop displaying a login page for a WordPress site. The screen shows fields for username and password, along with options to log in via Telegram or the standard login button. The laptop is positioned on a dark surface with a plain background.\" class=\"wp-image-525\" style=\"border-radius:20px\"><\/figure>\n            \n\n            \n            <figure class=\"wp-block-image size-full has-custom-border hostinger-ai-image hostinger-index-11\"><img decoding=\"async\" src=\"https:\/\/images.unsplash.com\/photo-1674027392842-29f8354e236c?q=85&amp;w=275&amp;h=275&amp;fit=crop\" alt=\"A 3D illustration featuring a series of shopping-related elements such as a shopping basket, a target, a lightbulb, a paper bag, and various charts or graphs. These objects are positioned on a dark green stepped platform, suggesting elements of business and marketing.\" class=\"wp-image-525\" style=\"border-radius:20px\"><\/figure>\n            <\/div>\n        \n\n        \n        <div class=\"wp-block-group alignwide hostinger-ai-fade-up is-content-justification-center is-nowrap is-layout-flex wp-container-core-group-is-layout-23441af8 wp-block-group-is-layout-flex\" data-aos=\"fade-up\">\n            <figure class=\"wp-block-image size-full has-custom-border hostinger-ai-image hostinger-index-12\"><img decoding=\"async\" src=\"https:\/\/images.unsplash.com\/photo-1687031317737-53bd68f49e9f?q=85&amp;w=275&amp;h=275&amp;fit=crop\" alt=\"A computer screen displays a code editor with a dark theme. The code is related to a manifest file, showing JSON format data, including URLs, version numbers, and a description of an 'Xtreme Download Manager'. There are also multiple tabs open with filenames like 'background.html' and 'bg2.js'.\" class=\"wp-image-525\" style=\"border-radius:20px\"><\/figure>\n            \n\n            \n            <figure class=\"wp-block-image size-full has-custom-border hostinger-ai-image hostinger-index-13\"><img decoding=\"async\" src=\"https:\/\/images.unsplash.com\/photo-1612020259858-542b51a7c3c6?q=85&amp;w=275&amp;h=275&amp;fit=crop\" alt=\"PHP code is displayed on a dark-themed text editor, featuring HTML tags and PHP functions. The code handles the retrieval and display of posts, with conditional statements and template inclusion.\" class=\"wp-image-525\" style=\"border-radius:20px\"><\/figure>\n            \n\n            \n            <figure class=\"wp-block-image size-full has-custom-border hostinger-ai-image hostinger-index-14\"><img decoding=\"async\" src=\"https:\/\/images.unsplash.com\/photo-1661229977503-78e340d00bdf?q=85&amp;w=275&amp;h=275&amp;fit=crop\" alt=\"A laptop displaying a WordPress login screen with fields for username and password. The screen has options to log in with Telegram or email. The logo of WordPress is visible on top. A smartphone is resting on the surface near the laptop.\" class=\"wp-image-525\" style=\"border-radius:20px\"><\/figure>\n            \n\n            \n            <figure class=\"wp-block-image size-full has-custom-border hostinger-ai-image hostinger-index-15\"><img decoding=\"async\" src=\"https:\/\/images.unsplash.com\/photo-1591013078076-42ae16047f45?q=85&amp;w=275&amp;h=275&amp;fit=crop\" alt=\"A person in a red sweatshirt is typing on a laptop, which displays a webpage about 'Simple Author Box Pro' on the screen. The setting appears to be a study or home office, with a desk that holds a smartphone, wooden figure, and stack of books for decoration. Soft natural light comes from a nearby window.\" class=\"wp-image-525\" style=\"border-radius:20px\"><\/figure>\n            <\/div>\n        <\/div>\n    <\/div>\n","protected":false},"excerpt":{"rendered":"<p>Plugin Help Plugins Explore essential plugins for your WordPress site. Gallery Explore our collection of plugins and features.<\/p>\n","protected":false},"author":1,"featured_media":0,"parent":0,"menu_order":0,"comment_status":"closed","ping_status":"closed","template":"","meta":{"footnotes":""},"class_list":["post-10","page","type-page","status-publish","hentry"],"_hostinger_reach_plugin_has_subscription_block":false,"_hostinger_reach_plugin_is_elementor":false,"_links":{"self":[{"href":"https:\/\/tadeonline.shop\/index.php?rest_route=\/wp\/v2\/pages\/10","targetHints":{"allow":["GET"]}}],"collection":[{"href":"https:\/\/tadeonline.shop\/index.php?rest_route=\/wp\/v2\/pages"}],"about":[{"href":"https:\/\/tadeonline.shop\/index.php?rest_route=\/wp\/v2\/types\/page"}],"author":[{"embeddable":true,"href":"https:\/\/tadeonline.shop\/index.php?rest_route=\/wp\/v2\/users\/1"}],"replies":[{"embeddable":true,"href":"https:\/\/tadeonline.shop\/index.php?rest_route=%2Fwp%2Fv2%2Fcomments&post=10"}],"version-history":[{"count":0,"href":"https:\/\/tadeonline.shop\/index.php?rest_route=\/wp\/v2\/pages\/10\/revisions"}],"wp:attachment":[{"href":"https:\/\/tadeonline.shop\/index.php?rest_route=%2Fwp%2Fv2%2Fmedia&parent=10"}],"curies":[{"name":"wp","href":"https:\/\/api.w.org\/{rel}","templated":true}]}}