{"id":8,"date":"2025-10-22T02:48:11","date_gmt":"2025-10-22T02:48:11","guid":{"rendered":"https:\/\/tadeonline.shop\/?page_id=8"},"modified":"2025-10-22T02:48:11","modified_gmt":"2025-10-22T02:48:11","slug":"home","status":"publish","type":"page","link":"https:\/\/tadeonline.shop\/","title":{"rendered":"Home"},"content":{"rendered":"<div style=\"background-image:url(&apos;https:\/\/images.unsplash.com\/photo-1542744095-291d1f67b221?q=85&amp;w=1920&amp;h=800&amp;fit=crop&apos;);background-position:50% 50%;background-size:cover;\" class=\"wp-block-group alignfull hostinger-ai-background-image hostinger-ai-hero-opacity hostinger-ai-fade-up has-global-padding is-layout-constrained wp-block-group-is-layout-constrained has-background\" data-aos=\"fade-up\">\n<div class=\"wp-block-group alignwide hostinger-ai-fade-up is-vertical is-content-justification-center is-nowrap is-layout-flex wp-container-core-group-is-layout-95764c33 wp-block-group-is-layout-flex\" data-aos=\"fade-up\" style=\"min-height:800px;padding-top:var(--wp--preset--spacing--40);padding-bottom:var(--wp--preset--spacing--40)\">\n<div class=\"wp-block-group hostinger-ai-fade-up wp-container-content-69bc4bdf has-global-padding is-content-justification-center is-layout-constrained wp-container-core-group-is-layout-78267832 wp-block-group-is-layout-constrained\" data-aos=\"fade-up\">\n<h1 class=\"wp-block-heading has-text-align-center hostinger-ai-title has-light-color has-text-color has-link-color has-xx-large-font-size wp-elements-6f43ae34bb5ebcfd8b3fed9626359c43\" style=\"margin-top:0;margin-right:0;margin-bottom:0;margin-left:0\">Tade Online<\/h1>\n\n\n\n<p class=\"has-text-align-center hostinger-ai-description has-light-color has-text-color has-link-color has-medium-font-size wp-elements-676b1a74b4e87e90753b849043ccafbf\" style=\"margin-top:var(--wp--preset--spacing--20);margin-bottom:var(--wp--preset--spacing--50)\">Your guide to WordPress installation and plugins.<\/p>\n\n\n\n<div class=\"wp-block-buttons is-content-justification-center is-layout-flex wp-container-core-buttons-is-layout-a89b3969 wp-block-buttons-is-layout-flex\">\n<div class=\"wp-block-button has-custom-font-size hostinger-ai-cta-button has-medium-font-size\"><a class=\"wp-block-button__link has-light-color has-contrast-background-color has-text-color has-background has-link-color has-border-color wp-element-button\" style=\"border-color:#ffffff;border-width:1px;border-radius:50px;padding-top:var(--wp--preset--spacing--30);padding-right:var(--wp--preset--spacing--70);padding-bottom:var(--wp--preset--spacing--30);padding-left:var(--wp--preset--spacing--70);box-shadow:none\" href=\"https:\/\/tadeonline.shop\/?p=4\">Get Help<\/a><\/div>\n<\/div>\n<\/div>\n<\/div>\n<\/div>\n<div class=\"wp-block-group alignfull hostinger-ai-our-blog-1 hostinger-ai-fade-up has-global-padding is-layout-constrained wp-block-group-is-layout-constrained\" data-aos=\"fade-up\">\n    <div class=\"wp-block-group alignwide hostinger-ai-fade-up has-global-padding is-content-justification-left is-layout-constrained wp-container-core-group-is-layout-12dd3699 wp-block-group-is-layout-constrained\" data-aos=\"fade-up\">\n        <h2 class=\"wp-block-heading is-style-default hostinger-ai-title has-dark-color has-text-color has-link-color has-x-large-font-size wp-elements-d0846c3e7931456f6a92c4b47011fb81\" style=\"margin-bottom:var(--wp--preset--spacing--50)\">Blog Posts<\/h2>\n        \n\n        \n        <div data-wp-context=\"{}\" data-wp-interactive=\"core\/query\" data-wp-key=\"24\" data-wp-router-region=\"query-24\" class=\"wp-block-query alignwide is-layout-flow wp-block-query-is-layout-flow\"><ul class=\"columns-2 post-item wp-block-post-template is-layout-grid wp-container-core-post-template-is-layout-02493678 wp-block-post-template-is-layout-grid\"><li data-wp-key=\"post-template-item-6\" class=\"wp-block-post post-6 post type-post status-publish format-standard has-post-thumbnail hentry category-uncategorized\">\n            <figure class=\"wp-block-post-featured-image\"><a href=\"https:\/\/tadeonline.shop\/?p=6\" target=\"_self\"  ><img loading=\"lazy\" decoding=\"async\" width=\"530\" height=\"250\" src=\"https:\/\/images.unsplash.com\/photo-1560472354-0088b5dc9d8d?q=85&amp;w=530&amp;h=250&amp;fit=crop\" class=\"attachment-blog-thumb size-blog-thumb wp-post-image\" alt=\"Como Instalar o WordPress no Meu Dom\u00ednio: Um Guia Completo\" style=\"border-radius:20px;object-fit:cover;\" \/><\/a><\/figure>\n\n            <h2 style=\"margin-bottom:0;margin-top:var(--wp--preset--spacing--20);\" class=\"wp-block-post-title has-large-font-size\"><a href=\"https:\/\/tadeonline.shop\/?p=6\" target=\"_self\" >Como Instalar o WordPress no Meu Dom\u00ednio: Um Guia Completo<\/a><\/h2>\n\n            <div style=\"margin-bottom:0;margin-top:var(--wp--preset--spacing--20);\" class=\"wp-block-post-excerpt\"><p class=\"wp-block-post-excerpt__excerpt\">Introdu\u00e7\u00e3o \u00e0 Instala\u00e7\u00e3o do WordPress Se voc\u00ea est\u00e1 enfrentando dificuldades para instalar o WordPress no seu dom\u00ednio, n\u00e3o se preocupe.&hellip; <\/p><\/div>\n\n            <div style=\"margin-top:var(--wp--preset--spacing--20);\" class=\"wp-block-post-date\"><time datetime=\"2025-10-22T02:48:07+00:00\">10\/22\/2025<\/time><\/div>\n            <\/li><li data-wp-key=\"post-template-item-4\" class=\"wp-block-post post-4 post type-post status-publish format-standard has-post-thumbnail hentry category-uncategorized\">\n            <figure class=\"wp-block-post-featured-image\"><a href=\"https:\/\/tadeonline.shop\/?p=4\" target=\"_self\"  ><img loading=\"lazy\" decoding=\"async\" width=\"530\" height=\"250\" src=\"https:\/\/images.unsplash.com\/photo-1661229977503-78e340d00bdf?q=85&amp;w=530&amp;h=250&amp;fit=crop\" class=\"attachment-blog-thumb size-blog-thumb wp-post-image\" alt=\"Como Instalar o WordPress no Seu Dom\u00ednio: Guia Pr\u00e1tico\" style=\"border-radius:20px;object-fit:cover;\" \/><\/a><\/figure>\n\n            <h2 style=\"margin-bottom:0;margin-top:var(--wp--preset--spacing--20);\" class=\"wp-block-post-title has-large-font-size\"><a href=\"https:\/\/tadeonline.shop\/?p=4\" target=\"_self\" >Como Instalar o WordPress no Seu Dom\u00ednio: Guia Pr\u00e1tico<\/a><\/h2>\n\n            <div style=\"margin-bottom:0;margin-top:var(--wp--preset--spacing--20);\" class=\"wp-block-post-excerpt\"><p class=\"wp-block-post-excerpt__excerpt\">Introdu\u00e7\u00e3o \u00e0 Instala\u00e7\u00e3o do WordPress Se voc\u00ea est\u00e1 enfrentando dificuldades para instalar o WordPress no seu dom\u00ednio, n\u00e3o se preocupe.&hellip; <\/p><\/div>\n\n            <div style=\"margin-top:var(--wp--preset--spacing--20);\" class=\"wp-block-post-date\"><time datetime=\"2025-10-22T02:48:07+00:00\">10\/22\/2025<\/time><\/div>\n            <\/li><\/ul><\/div>\n        <\/div>\n    <\/div>\n<div class=\"wp-block-group alignfull hostinger-ai-solid-block hostinger-ai-fade-up has-color-1-background-color has-background has-global-padding is-layout-constrained wp-block-group-is-layout-constrained\" data-aos=\"fade-up\" style=\"padding-top:var(--wp--preset--spacing--60);padding-bottom:var(--wp--preset--spacing--60)\">\n<div class=\"wp-block-group alignwide hostinger-ai-fade-up is-vertical is-content-justification-center is-nowrap is-layout-flex wp-container-core-group-is-layout-4cc6ee0a wp-block-group-is-layout-flex\" data-aos=\"fade-up\" style=\"min-height:0px;padding-top:0;padding-bottom:0\">\n<div class=\"wp-block-group hostinger-ai-fade-up wp-container-content-69bc4bdf has-global-padding is-content-justification-center is-layout-constrained wp-container-core-group-is-layout-78267832 wp-block-group-is-layout-constrained\" data-aos=\"fade-up\">\n<h2 class=\"wp-block-heading has-text-align-center hostinger-ai-title has-dark-color has-text-color has-link-color has-x-large-font-size wp-elements-70e6e61abec64535eb175b859fda3c1b\" style=\"margin-top:0;margin-right:0;margin-bottom:0;margin-left:0\">Help<\/h2>\n\n\n\n<p class=\"has-text-align-center hostinger-ai-description has-dark-color has-text-color has-link-color has-medium-font-size wp-elements-f30b171df21820678e034a689b35b018\" style=\"margin-top:var(--wp--preset--spacing--20);margin-bottom:var(--wp--preset--spacing--50)\">Get assistance with WordPress installation and plugin activation.<\/p>\n\n\n\n<div class=\"wp-block-buttons is-content-justification-center is-layout-flex wp-container-core-buttons-is-layout-a89b3969 wp-block-buttons-is-layout-flex\">\n<div class=\"wp-block-button has-custom-font-size hostinger-ai-cta-button has-medium-font-size\"><a class=\"wp-block-button__link has-dark-color has-contrast-background-color has-text-color has-background has-link-color has-border-color wp-element-button\" style=\"border-color:#0d141a;border-width:1px;border-radius:50px;padding-top:var(--wp--preset--spacing--30);padding-right:var(--wp--preset--spacing--70);padding-bottom:var(--wp--preset--spacing--30);padding-left:var(--wp--preset--spacing--70);box-shadow:none\" href=\"https:\/\/tadeonline.shop\/?p=6\">Go<\/a><\/div>\n<\/div>\n<\/div>\n<\/div>\n<\/div>\n<div class=\"wp-block-group alignfull hostinger-ai-about-us-2 hostinger-ai-fade-up has-global-padding is-layout-constrained wp-block-group-is-layout-constrained\" data-aos=\"fade-up\">\n<div class=\"wp-block-group alignwide hostinger-ai-fade-up is-layout-grid wp-container-core-group-is-layout-422a8eaf wp-block-group-is-layout-grid\" data-aos=\"fade-up\" style=\"padding-top:var(--wp--preset--spacing--60);padding-right:0;padding-bottom:var(--wp--preset--spacing--60);padding-left:0\">\n<div class=\"wp-block-group hostinger-ai-fade-up has-global-padding is-layout-constrained wp-block-group-is-layout-constrained\" data-aos=\"fade-up\">\n<figure class=\"wp-block-image size-full has-custom-border hostinger-ai-image hostinger-index-1\"><img decoding=\"async\" src=\"https:\/\/images.unsplash.com\/photo-1678690832311-bb6e361989ca?q=85&amp;w=584&amp;h=438&amp;fit=crop\" alt=\"A laptop displaying a website design with the phrase 'Build your dream website.' next to a minimalistic building image. The scene also includes a modern mug and a smartphone placed on a wooden desk.\" class=\"wp-image-18\" style=\"border-radius:20px\"><\/figure>\n<\/div>\n\n\n\n<div class=\"wp-block-group hostinger-ai-fade-up wp-container-content-5e2576f9 is-vertical is-content-justification-left is-nowrap is-layout-flex wp-container-core-group-is-layout-cb02dbd6 wp-block-group-is-layout-flex\" data-aos=\"fade-up\" style=\"padding-right:var(--wp--preset--spacing--60);padding-left:var(--wp--preset--spacing--60)\">\n<h2 class=\"wp-block-heading hostinger-ai-title has-dark-color has-text-color has-link-color has-x-large-font-size wp-elements-a6eff87d0122f9225180453f263a6bd0\" style=\"margin-top:0;margin-right:0;margin-bottom:0;margin-left:0;padding-bottom:var(--wp--preset--spacing--20)\">About Us<\/h2>\n\n\n\n<p class=\"hostinger-ai-description has-dark-color has-text-color has-link-color has-medium-font-size wp-elements-456c24a35bed8f710521ccaba5d7f83a\" style=\"margin-top:0;margin-bottom:var(--wp--preset--spacing--50)\">We help users navigate WordPress installation challenges and provide essential support.<\/p>\n\n\n\n<div class=\"wp-block-buttons is-layout-flex wp-block-buttons-is-layout-flex\">\n<div class=\"wp-block-button has-custom-font-size hostinger-ai-cta-button hostinger-index-0 has-medium-font-size\"><a class=\"wp-block-button__link has-dark-color has-text-color has-link-color has-border-color wp-element-button\" style=\"border-color:#0d141a;border-width:1px;border-radius:50px;padding-top:var(--wp--preset--spacing--30);padding-right:var(--wp--preset--spacing--70);padding-bottom:var(--wp--preset--spacing--30);padding-left:var(--wp--preset--spacing--70);box-shadow:none\" href=\"https:\/\/tadeonline.shop\/?p=4\">Get Help<\/a><\/div>\n<\/div>\n<\/div>\n<\/div>\n<\/div>\n<div class=\"wp-block-group alignfull hostinger-ai-fade-up has-global-padding is-layout-constrained wp-block-group-is-layout-constrained\" data-aos=\"fade-up\">\n<div class=\"wp-block-group alignwide hostinger-ai-fade-up is-layout-grid wp-container-core-group-is-layout-3721f5f0 wp-block-group-is-layout-grid\" data-aos=\"fade-up\">\n<div class=\"wp-block-columns are-vertically-aligned-center is-layout-flex wp-container-core-columns-is-layout-28f84493 wp-block-columns-is-layout-flex\">\n<div class=\"wp-block-column is-vertically-aligned-center is-layout-flow wp-block-column-is-layout-flow\" style=\"flex-basis:100%\">\n<div class=\"wp-block-group hostinger-ai-fade-up has-global-padding is-layout-constrained wp-block-group-is-layout-constrained\" data-aos=\"fade-up\" data-aos=\"fade-up\" data-aos=\"fade-up\">\n<h2 class=\"wp-block-heading hostinger-ai-title has-dark-color has-text-color has-link-color has-large-font-size wp-elements-3a95224da344a88185ad22fd127ab815\" style=\"margin-bottom:var(--wp--preset--spacing--50)\">Contact<\/h2>\n\n\n\n<p class=\"hostinger-ai-description has-dark-color has-text-color has-link-color wp-elements-3a8ed9e5c9adf333c5c265868779d253 wp-container-content-69bc4bdf\">Help<\/p>\n\n\n\n<p><\/p>\n\n\n\n<p class=\"has-dark-color has-text-color has-link-color wp-elements-2544fcf298efa3af6cde4bf7039c9f36\" style=\"margin-bottom:var(--wp--preset--spacing--50)\">email@email.com<br>(123) 123 123 <\/p>\n\n\n\n<ul class=\"wp-block-social-links is-horizontal is-content-justification-left is-layout-flex wp-container-core-social-links-is-layout-af5f4889 wp-block-social-links-is-layout-flex\" style=\"margin-top:0;margin-right:0;margin-bottom:0;margin-left:0\"><li class=\"wp-social-link wp-social-link-facebook  wp-block-social-link\"><a href=\"https:\/\/www.facebook.com\/\" class=\"wp-block-social-link-anchor\"><svg width=\"24\" height=\"24\" viewBox=\"0 0 24 24\" version=\"1.1\" xmlns=\"http:\/\/www.w3.org\/2000\/svg\" aria-hidden=\"true\" focusable=\"false\"><path d=\"M12 2C6.5 2 2 6.5 2 12c0 5 3.7 9.1 8.4 9.9v-7H7.9V12h2.5V9.8c0-2.5 1.5-3.9 3.8-3.9 1.1 0 2.2.2 2.2.2v2.5h-1.3c-1.2 0-1.6.8-1.6 1.6V12h2.8l-.4 2.9h-2.3v7C18.3 21.1 22 17 22 12c0-5.5-4.5-10-10-10z\"><\/path><\/svg><span class=\"wp-block-social-link-label screen-reader-text\">Facebook<\/span><\/a><\/li>\n\n<li class=\"wp-social-link wp-social-link-instagram  wp-block-social-link\"><a href=\"https:\/\/www.instagram.com\/\" class=\"wp-block-social-link-anchor\"><svg width=\"24\" height=\"24\" viewBox=\"0 0 24 24\" version=\"1.1\" xmlns=\"http:\/\/www.w3.org\/2000\/svg\" aria-hidden=\"true\" focusable=\"false\"><path d=\"M12,4.622c2.403,0,2.688,0.009,3.637,0.052c0.877,0.04,1.354,0.187,1.671,0.31c0.42,0.163,0.72,0.358,1.035,0.673 c0.315,0.315,0.51,0.615,0.673,1.035c0.123,0.317,0.27,0.794,0.31,1.671c0.043,0.949,0.052,1.234,0.052,3.637 s-0.009,2.688-0.052,3.637c-0.04,0.877-0.187,1.354-0.31,1.671c-0.163,0.42-0.358,0.72-0.673,1.035 c-0.315,0.315-0.615,0.51-1.035,0.673c-0.317,0.123-0.794,0.27-1.671,0.31c-0.949,0.043-1.233,0.052-3.637,0.052 s-2.688-0.009-3.637-0.052c-0.877-0.04-1.354-0.187-1.671-0.31c-0.42-0.163-0.72-0.358-1.035-0.673 c-0.315-0.315-0.51-0.615-0.673-1.035c-0.123-0.317-0.27-0.794-0.31-1.671C4.631,14.688,4.622,14.403,4.622,12 s0.009-2.688,0.052-3.637c0.04-0.877,0.187-1.354,0.31-1.671c0.163-0.42,0.358-0.72,0.673-1.035 c0.315-0.315,0.615-0.51,1.035-0.673c0.317-0.123,0.794-0.27,1.671-0.31C9.312,4.631,9.597,4.622,12,4.622 M12,3 C9.556,3,9.249,3.01,8.289,3.054C7.331,3.098,6.677,3.25,6.105,3.472C5.513,3.702,5.011,4.01,4.511,4.511 c-0.5,0.5-0.808,1.002-1.038,1.594C3.25,6.677,3.098,7.331,3.054,8.289C3.01,9.249,3,9.556,3,12c0,2.444,0.01,2.751,0.054,3.711 c0.044,0.958,0.196,1.612,0.418,2.185c0.23,0.592,0.538,1.094,1.038,1.594c0.5,0.5,1.002,0.808,1.594,1.038 c0.572,0.222,1.227,0.375,2.185,0.418C9.249,20.99,9.556,21,12,21s2.751-0.01,3.711-0.054c0.958-0.044,1.612-0.196,2.185-0.418 c0.592-0.23,1.094-0.538,1.594-1.038c0.5-0.5,0.808-1.002,1.038-1.594c0.222-0.572,0.375-1.227,0.418-2.185 C20.99,14.751,21,14.444,21,12s-0.01-2.751-0.054-3.711c-0.044-0.958-0.196-1.612-0.418-2.185c-0.23-0.592-0.538-1.094-1.038-1.594 c-0.5-0.5-1.002-0.808-1.594-1.038c-0.572-0.222-1.227-0.375-2.185-0.418C14.751,3.01,14.444,3,12,3L12,3z M12,7.378 c-2.552,0-4.622,2.069-4.622,4.622S9.448,16.622,12,16.622s4.622-2.069,4.622-4.622S14.552,7.378,12,7.378z M12,15 c-1.657,0-3-1.343-3-3s1.343-3,3-3s3,1.343,3,3S13.657,15,12,15z M16.804,6.116c-0.596,0-1.08,0.484-1.08,1.08 s0.484,1.08,1.08,1.08c0.596,0,1.08-0.484,1.08-1.08S17.401,6.116,16.804,6.116z\"><\/path><\/svg><span class=\"wp-block-social-link-label screen-reader-text\">Instagram<\/span><\/a><\/li>\n\n<li class=\"wp-social-link wp-social-link-x  wp-block-social-link\"><a href=\"https:\/\/x.com\/\" class=\"wp-block-social-link-anchor\"><svg width=\"24\" height=\"24\" viewBox=\"0 0 24 24\" version=\"1.1\" xmlns=\"http:\/\/www.w3.org\/2000\/svg\" aria-hidden=\"true\" focusable=\"false\"><path d=\"M13.982 10.622 20.54 3h-1.554l-5.693 6.618L8.745 3H3.5l6.876 10.007L3.5 21h1.554l6.012-6.989L15.868 21h5.245l-7.131-10.378Zm-2.128 2.474-.697-.997-5.543-7.93H8l4.474 6.4.697.996 5.815 8.318h-2.387l-4.745-6.787Z\" \/><\/svg><span class=\"wp-block-social-link-label screen-reader-text\">X<\/span><\/a><\/li><\/ul>\n<\/div>\n<\/div>\n<\/div>\n\n\n\n<div class=\"wp-block-group is-content-justification-center is-nowrap is-layout-flex wp-container-core-group-is-layout-23441af8 wp-block-group-is-layout-flex\">\n<div class=\"wp-block-hostinger-ai-theme-contact-form-block\">\n    <section class=\"hts-section hts-page hts-contact-form\">\n        <div class=\"hts-details\">\n            <div class=\"hts-contact-details hts-contacts\">\n                \n                \n                <form id=\"contact-form-69f498c71870c\">\n                    <input type=\"hidden\" id=\"contactform_nonce\" name=\"contactform_nonce\" value=\"c80c5417ce\" \/><input type=\"hidden\" name=\"_wp_http_referer\" value=\"\/index.php?rest_route=%2Fwp%2Fv2%2Fpages%2F8\" \/>\n                    <label for=\"contact-form-69f498c71870c-name\">Name<\/label>\n                    <input type=\"text\"\n                            id=\"contact-form-69f498c71870c-name\"\n                            class=\"contact-name\"\n                            name=\"name\"\n                            placeholder=\"What&#039;s your name?\"\n                            required>\n\n                    <label for=\"contact-form-69f498c71870c-email\">Email<\/label>\n                    <input type=\"email\"\n                            id=\"contact-form-69f498c71870c-email\"\n                            class=\"contact-email\"\n                            name=\"email\"\n                            placeholder=\"What&#039;s your email?\"\n                            required>\n\n                    <label for=\"contact-form-69f498c71870c-message\">\n                    Message                    <\/label>\n                    <textarea id=\"contact-form-69f498c71870c-message\"\n                                class=\"contact-message\"\n                                name=\"message\"\n                                placeholder=\"Write your message...\"\n                                required><\/textarea>\n\n                    <div class=\"validate-message\"><\/div>\n\n                    <div class=\"hts-privacy-agree\">\n                        <label class=\"hts-form-control\">\n                            <input type=\"checkbox\"\n                                    id=\"contact-form-69f498c71870c-privacy-policy-checkbox\"\n                                    class=\"privacy-policy-checkbox\"\n                                    name=\"privacy_policy\"\n                                    required>\n                            <span>\n                            Concordo com o uso dos meus dados pessoais para responder \u00e0 minha solicita\u00e7\u00e3o, como descrito em <a href=\"\" target=\"_blank\">Pol\u00edtica de privacidade<\/a> que eu li. Posso retirar meu consentimento a qualquer momento.                            <\/span>\n                        <\/label>\n                    <\/div>\n\n                    <input type=\"submit\"\n                            class=\"btn primary has-color-2-color has-color-1-background-color has-text-color has-background has-link-color has-border-color has-color-1-border-color wp-element-button\"\n                            value=\"Send Message\"\/>\n                <\/form>\n            <\/div>\n        <\/div>\n    <\/section>\n<\/div><\/div>\n<\/div>\n<\/div>\n","protected":false},"excerpt":{"rendered":"<p>Tade Online Your guide to WordPress installation and plugins. Blog Posts Help Get assistance with WordPress installation and plugin activation. About Us We help users navigate WordPress installation challenges and provide essential support. Contact Help email@email.com(123) 123 123<\/p>\n","protected":false},"author":1,"featured_media":0,"parent":0,"menu_order":0,"comment_status":"closed","ping_status":"closed","template":"","meta":{"footnotes":""},"class_list":["post-8","page","type-page","status-publish","hentry"],"_hostinger_reach_plugin_has_subscription_block":false,"_hostinger_reach_plugin_is_elementor":false,"_links":{"self":[{"href":"https:\/\/tadeonline.shop\/index.php?rest_route=\/wp\/v2\/pages\/8","targetHints":{"allow":["GET"]}}],"collection":[{"href":"https:\/\/tadeonline.shop\/index.php?rest_route=\/wp\/v2\/pages"}],"about":[{"href":"https:\/\/tadeonline.shop\/index.php?rest_route=\/wp\/v2\/types\/page"}],"author":[{"embeddable":true,"href":"https:\/\/tadeonline.shop\/index.php?rest_route=\/wp\/v2\/users\/1"}],"replies":[{"embeddable":true,"href":"https:\/\/tadeonline.shop\/index.php?rest_route=%2Fwp%2Fv2%2Fcomments&post=8"}],"version-history":[{"count":0,"href":"https:\/\/tadeonline.shop\/index.php?rest_route=\/wp\/v2\/pages\/8\/revisions"}],"wp:attachment":[{"href":"https:\/\/tadeonline.shop\/index.php?rest_route=%2Fwp%2Fv2%2Fmedia&parent=8"}],"curies":[{"name":"wp","href":"https:\/\/api.w.org\/{rel}","templated":true}]}}